{"id":193,"date":"2025-10-06T15:37:17","date_gmt":"2025-10-06T15:37:17","guid":{"rendered":"https:\/\/sia-rentacar.ba\/about\/"},"modified":"2025-10-06T19:35:47","modified_gmt":"2025-10-06T19:35:47","slug":"o-nama","status":"publish","type":"page","link":"https:\/\/sia-rentacar.ba\/ar\/o-nama\/","title":{"rendered":"\u0639\u0646\u0627"},"content":{"rendered":"<div data-elementor-type=\"wp-post\" data-elementor-id=\"193\" class=\"elementor elementor-193\" data-elementor-post-type=\"page\">\n\t\t\t\t<div class=\"elementor-element elementor-element-70f3f6a e-flex e-con-boxed e-con e-parent\" data-id=\"70f3f6a\" data-element_type=\"container\">\n\t\t\t\t\t<div class=\"e-con-inner\">\n\t\t\t\t<div class=\"elementor-element elementor-element-0fedac4 elementor-widget elementor-widget-heading\" data-id=\"0fedac4\" data-element_type=\"widget\" data-widget_type=\"heading.default\">\n\t\t\t\t<div class=\"elementor-widget-container\">\n\t\t\t\t\t<h2 class=\"elementor-heading-title elementor-size-default\">\u0639\u0646\u0627<\/h2>\t\t\t\t<\/div>\n\t\t\t\t<\/div>\n\t\t\t\t\t<\/div>\n\t\t\t\t<\/div>\n\t\t<div class=\"elementor-element elementor-element-da61344 e-flex e-con-boxed e-con e-parent\" data-id=\"da61344\" data-element_type=\"container\">\n\t\t\t\t\t<div class=\"e-con-inner\">\n\t\t<div class=\"elementor-element elementor-element-718afa9 e-con-full e-flex e-con e-child\" data-id=\"718afa9\" data-element_type=\"container\">\n\t\t\t\t<div class=\"elementor-element elementor-element-0e9342f elementor-widget elementor-widget-text-editor\" data-id=\"0e9342f\" data-element_type=\"widget\" data-widget_type=\"text-editor.default\">\n\t\t\t\t<div class=\"elementor-widget-container\">\n\t\t\t\t\t\t\t\t\t<p>S&amp;A rent a car \u0647\u064a \u0634\u0631\u0643\u0629 \u062d\u062f\u064a\u062b\u0629 \u0627\u0644\u0625\u0641\u062a\u062a\u0627\u062d \u0641\u064a \u0645\u062f\u064a\u0646\u0629 \u0623\u0644\u064a\u062c\u0627 \u060c \u0645\u0646\u0630 \u0625\u0641\u062a\u062a\u0627\u062d \u0627\u0644\u0634\u0631\u0643\u0629 \u0642\u0645\u0646\u0627 \u0628\u062a\u062d\u062f\u064a\u062f \u0647\u062f\u0641\u0646\u0627 . \u0647\u062f\u0641\u0646\u0627 \u0647\u0648 \u0627\u0644\u0642\u0645\u0629 \u060c \u0648\u062e\u0637\u0629 \u062a\u0637\u0648\u064a\u0631 \u0627\u0644\u0634\u0631\u0643\u0629 \u0642\u0628\u0644 \u0643\u0644 \u0634\u064a\u0621 \u062d\u0642\u064a\u0642\u064a\u0629 \u060c \u0646\u0627\u062c\u062d\u0629 \u060c \u0648\u0645\u062b\u0627\u0644\u064a\u0629. \u0633\u0646\u062d\u0627\u0641\u0638 \u0639\u0644\u0649 \u062a\u0642\u062f\u064a\u0645 \u0625\u0641\u0636\u0644 \u0627\u0644\u062e\u062f\u0645\u0627\u062a \u0628\u0625\u0642\u0644 \u0627\u0644\u0623\u0633\u0639\u0627\u0631.<\/p>\t\t\t\t\t\t\t\t<\/div>\n\t\t\t\t<\/div>\n\t\t\t\t<div class=\"elementor-element elementor-element-086327c elementor-widget elementor-widget-text-editor\" data-id=\"086327c\" data-element_type=\"widget\" data-widget_type=\"text-editor.default\">\n\t\t\t\t<div class=\"elementor-widget-container\">\n\t\t\t\t\t\t\t\t\t<p class=\"o_nama\">\u0646\u0648\u0627\u0643\u0628 \u0627\u0644\u062a\u0637\u0648\u0631 \u0648\u0633\u0646\u0642\u0648\u0645 \u0628\u0632\u064a\u0627\u062f\u0629 \u0639\u062f\u062f \u0627\u0644\u0633\u064a\u0627\u0631\u0627\u062a \u0644\u0646\u0636\u0645 \u0625\u062d\u062f\u062b \u0648\u0623\u0641\u0636\u0644 \u0627\u0644\u0633\u064a\u0627\u0631\u0627\u062a \u0641\u064a \u0634\u0631\u0643\u062a\u0646\u0627. \u0633\u064a\u0627\u0631\u0627\u062a\u0646\u0627 \u0647\u064a \u0645\u0646 \u0625\u0641\u0636\u0644 \u0627\u0644\u0633\u064a\u0627\u0631\u0627\u062a \u0627\u0644\u062d\u062f\u064a\u062b\u0629 \u060c \u0645\u0648\u0627\u0643\u0628\u0629 \u0644\u0644\u062a\u0637\u0648\u0631 \u0627\u0644\u062a\u0643\u0646\u0648\u0644\u0648\u062c\u064a \u060c \u0645\u0639 \u0627\u0644\u062a\u0635\u0645\u064a\u0645 \u0627\u0644\u0623\u0646\u064a\u0642 \u060c \u0643\u0644 \u0630\u0644\u0643 \u0641\u064a \u0634\u0631\u0643\u062a\u0646\u0627. \u0627\u0644\u062d\u0635\u0648\u0644 \u0639\u0644\u0649 \u0623\u062d\u062f\u062b \u0627\u0644\u0633\u064a\u0627\u0631\u0627\u062a \u0633\u062a\u0643\u0648\u0646 \u0623\u0648\u0644\u0648\u064a\u062a\u0646\u0627 \u0644\u0646\u0642\u062f\u0645 \u0644\u0643\u0645 \u0623\u0641\u0636\u0644 \u0627\u0644\u062e\u062f\u0645\u0627\u062a.<\/p>\t\t\t\t\t\t\t\t<\/div>\n\t\t\t\t<\/div>\n\t\t\t\t<div class=\"elementor-element elementor-element-b21680a elementor-widget elementor-widget-image\" data-id=\"b21680a\" data-element_type=\"widget\" data-widget_type=\"image.default\">\n\t\t\t\t<div class=\"elementor-widget-container\">\n\t\t\t\t\t\t\t\t\t\t\t\t\t\t\t<img fetchpriority=\"high\" decoding=\"async\" width=\"354\" height=\"168\" src=\"https:\/\/sia-rentacar.ba\/wp-content\/uploads\/2025\/10\/sia-logo.jpg\" class=\"attachment-large size-large wp-image-2502\" alt=\"\" srcset=\"https:\/\/sia-rentacar.ba\/wp-content\/uploads\/2025\/10\/sia-logo.jpg 354w, https:\/\/sia-rentacar.ba\/wp-content\/uploads\/2025\/10\/sia-logo-300x142.jpg 300w\" sizes=\"(max-width: 354px) 100vw, 354px\" \/>\t\t\t\t\t\t\t\t\t\t\t\t\t\t\t<\/div>\n\t\t\t\t<\/div>\n\t\t\t\t<\/div>\n\t\t<div class=\"elementor-element elementor-element-52eb59f e-con-full e-flex e-con e-child\" data-id=\"52eb59f\" data-element_type=\"container\">\n\t\t<div class=\"elementor-element elementor-element-ef0c913 e-con-full e-flex e-con e-child\" data-id=\"ef0c913\" data-element_type=\"container\">\n\t\t\t\t<div class=\"elementor-element elementor-element-26bf364 elementor-widget elementor-widget-image\" data-id=\"26bf364\" data-element_type=\"widget\" data-widget_type=\"image.default\">\n\t\t\t\t<div class=\"elementor-widget-container\">\n\t\t\t\t\t\t\t\t\t\t\t\t\t\t\t<img decoding=\"async\" width=\"870\" height=\"580\" src=\"https:\/\/sia-rentacar.ba\/wp-content\/uploads\/2025\/10\/IMG-f612af09c292b267ec6be822ffeb1c15-V-870x580-1.jpg\" class=\"attachment-large size-large wp-image-2509\" alt=\"\" srcset=\"https:\/\/sia-rentacar.ba\/wp-content\/uploads\/2025\/10\/IMG-f612af09c292b267ec6be822ffeb1c15-V-870x580-1.jpg 870w, https:\/\/sia-rentacar.ba\/wp-content\/uploads\/2025\/10\/IMG-f612af09c292b267ec6be822ffeb1c15-V-870x580-1-300x200.jpg 300w, https:\/\/sia-rentacar.ba\/wp-content\/uploads\/2025\/10\/IMG-f612af09c292b267ec6be822ffeb1c15-V-870x580-1-768x512.jpg 768w\" sizes=\"(max-width: 870px) 100vw, 870px\" \/>\t\t\t\t\t\t\t\t\t\t\t\t\t\t\t<\/div>\n\t\t\t\t<\/div>\n\t\t<div class=\"elementor-element elementor-element-eacdcfc e-grid e-con-full e-con e-child\" data-id=\"eacdcfc\" data-element_type=\"container\">\n\t\t\t\t<div class=\"elementor-element elementor-element-99ed1af elementor-widget elementor-widget-image\" data-id=\"99ed1af\" data-element_type=\"widget\" data-widget_type=\"image.default\">\n\t\t\t\t<div class=\"elementor-widget-container\">\n\t\t\t\t\t\t\t\t\t\t\t\t\t\t\t<img decoding=\"async\" width=\"870\" height=\"580\" src=\"https:\/\/sia-rentacar.ba\/wp-content\/uploads\/2025\/10\/IMG-bb973759b96122a6802a5db18044457d-V-870x580-1.jpg\" class=\"attachment-large size-large wp-image-2510\" alt=\"\" srcset=\"https:\/\/sia-rentacar.ba\/wp-content\/uploads\/2025\/10\/IMG-bb973759b96122a6802a5db18044457d-V-870x580-1.jpg 870w, https:\/\/sia-rentacar.ba\/wp-content\/uploads\/2025\/10\/IMG-bb973759b96122a6802a5db18044457d-V-870x580-1-300x200.jpg 300w, https:\/\/sia-rentacar.ba\/wp-content\/uploads\/2025\/10\/IMG-bb973759b96122a6802a5db18044457d-V-870x580-1-768x512.jpg 768w\" sizes=\"(max-width: 870px) 100vw, 870px\" \/>\t\t\t\t\t\t\t\t\t\t\t\t\t\t\t<\/div>\n\t\t\t\t<\/div>\n\t\t\t\t<div class=\"elementor-element elementor-element-655dd81 elementor-widget elementor-widget-image\" data-id=\"655dd81\" data-element_type=\"widget\" data-widget_type=\"image.default\">\n\t\t\t\t<div class=\"elementor-widget-container\">\n\t\t\t\t\t\t\t\t\t\t\t\t\t\t\t<img loading=\"lazy\" decoding=\"async\" width=\"870\" height=\"580\" src=\"https:\/\/sia-rentacar.ba\/wp-content\/uploads\/2025\/10\/IMG-35b6e50e8acf28841dff33ed3c419b6e-V-870x580-1.jpg\" class=\"attachment-large size-large wp-image-2511\" alt=\"\" srcset=\"https:\/\/sia-rentacar.ba\/wp-content\/uploads\/2025\/10\/IMG-35b6e50e8acf28841dff33ed3c419b6e-V-870x580-1.jpg 870w, https:\/\/sia-rentacar.ba\/wp-content\/uploads\/2025\/10\/IMG-35b6e50e8acf28841dff33ed3c419b6e-V-870x580-1-300x200.jpg 300w, https:\/\/sia-rentacar.ba\/wp-content\/uploads\/2025\/10\/IMG-35b6e50e8acf28841dff33ed3c419b6e-V-870x580-1-768x512.jpg 768w\" sizes=\"(max-width: 870px) 100vw, 870px\" \/>\t\t\t\t\t\t\t\t\t\t\t\t\t\t\t<\/div>\n\t\t\t\t<\/div>\n\t\t\t\t<\/div>\n\t\t\t\t<\/div>\n\t\t\t\t<\/div>\n\t\t\t\t\t<\/div>\n\t\t\t\t<\/div>\n\t\t\t\t<\/div>","protected":false},"excerpt":{"rendered":"<p>O Nama S&amp;A rent a car je novootvorena firma sa sjedi\u0161tem na Ilid\u017ei, Ul. Hrasni\u010dka cesta 48. Na samom po\u010detku [&hellip;]<\/p>","protected":false},"author":1,"featured_media":0,"parent":0,"menu_order":0,"comment_status":"closed","ping_status":"closed","template":"","meta":{"site-sidebar-layout":"no-sidebar","site-content-layout":"page-builder","ast-site-content-layout":"full-width-container","site-content-style":"unboxed","site-sidebar-style":"unboxed","ast-global-header-display":"","ast-banner-title-visibility":"","ast-main-header-display":"","ast-hfb-above-header-display":"","ast-hfb-below-header-display":"","ast-hfb-mobile-header-display":"","site-post-title":"disabled","ast-breadcrumbs-content":"","ast-featured-img":"disabled","footer-sml-layout":"","theme-transparent-header-meta":"enabled","adv-header-id-meta":"","stick-header-meta":"","header-above-stick-meta":"","header-main-stick-meta":"","header-below-stick-meta":"","astra-migrate-meta-layouts":"set","ast-page-background-enabled":"default","ast-page-background-meta":{"desktop":{"background-color":"","background-image":"","background-repeat":"repeat","background-position":"center center","background-size":"auto","background-attachment":"scroll","background-type":"","background-media":"","overlay-type":"","overlay-color":"","overlay-opacity":"","overlay-gradient":""},"tablet":{"background-color":"","background-image":"","background-repeat":"repeat","background-position":"center center","background-size":"auto","background-attachment":"scroll","background-type":"","background-media":"","overlay-type":"","overlay-color":"","overlay-opacity":"","overlay-gradient":""},"mobile":{"background-color":"","background-image":"","background-repeat":"repeat","background-position":"center center","background-size":"auto","background-attachment":"scroll","background-type":"","background-media":"","overlay-type":"","overlay-color":"","overlay-opacity":"","overlay-gradient":""}},"ast-content-background-meta":{"desktop":{"background-color":"var(--ast-global-color-5)","background-image":"","background-repeat":"repeat","background-position":"center center","background-size":"auto","background-attachment":"scroll","background-type":"","background-media":"","overlay-type":"","overlay-color":"","overlay-opacity":"","overlay-gradient":""},"tablet":{"background-color":"var(--ast-global-color-5)","background-image":"","background-repeat":"repeat","background-position":"center center","background-size":"auto","background-attachment":"scroll","background-type":"","background-media":"","overlay-type":"","overlay-color":"","overlay-opacity":"","overlay-gradient":""},"mobile":{"background-color":"var(--ast-global-color-5)","background-image":"","background-repeat":"repeat","background-position":"center center","background-size":"auto","background-attachment":"scroll","background-type":"","background-media":"","overlay-type":"","overlay-color":"","overlay-opacity":"","overlay-gradient":""}},"footnotes":""},"class_list":["post-193","page","type-page","status-publish","hentry"],"_links":{"self":[{"href":"https:\/\/sia-rentacar.ba\/ar\/wp-json\/wp\/v2\/pages\/193","targetHints":{"allow":["GET"]}}],"collection":[{"href":"https:\/\/sia-rentacar.ba\/ar\/wp-json\/wp\/v2\/pages"}],"about":[{"href":"https:\/\/sia-rentacar.ba\/ar\/wp-json\/wp\/v2\/types\/page"}],"author":[{"embeddable":true,"href":"https:\/\/sia-rentacar.ba\/ar\/wp-json\/wp\/v2\/users\/1"}],"replies":[{"embeddable":true,"href":"https:\/\/sia-rentacar.ba\/ar\/wp-json\/wp\/v2\/comments?post=193"}],"version-history":[{"count":10,"href":"https:\/\/sia-rentacar.ba\/ar\/wp-json\/wp\/v2\/pages\/193\/revisions"}],"predecessor-version":[{"id":2522,"href":"https:\/\/sia-rentacar.ba\/ar\/wp-json\/wp\/v2\/pages\/193\/revisions\/2522"}],"wp:attachment":[{"href":"https:\/\/sia-rentacar.ba\/ar\/wp-json\/wp\/v2\/media?parent=193"}],"curies":[{"name":"wp","href":"https:\/\/api.w.org\/{rel}","templated":true}]}}