{"id":193,"date":"2025-10-06T15:37:17","date_gmt":"2025-10-06T15:37:17","guid":{"rendered":"https:\/\/sia-rentacar.ba\/about\/"},"modified":"2025-10-06T19:35:47","modified_gmt":"2025-10-06T19:35:47","slug":"o-nama","status":"publish","type":"page","link":"https:\/\/sia-rentacar.ba\/en\/o-nama\/","title":{"rendered":"About us"},"content":{"rendered":"<div data-elementor-type=\"wp-post\" data-elementor-id=\"193\" class=\"elementor elementor-193\" data-elementor-post-type=\"page\">\n\t\t\t\t<div class=\"elementor-element elementor-element-70f3f6a e-flex e-con-boxed e-con e-parent\" data-id=\"70f3f6a\" data-element_type=\"container\">\n\t\t\t\t\t<div class=\"e-con-inner\">\n\t\t\t\t<div class=\"elementor-element elementor-element-0fedac4 elementor-widget elementor-widget-heading\" data-id=\"0fedac4\" data-element_type=\"widget\" data-widget_type=\"heading.default\">\n\t\t\t\t<div class=\"elementor-widget-container\">\n\t\t\t\t\t<h2 class=\"elementor-heading-title elementor-size-default\">About us<\/h2>\t\t\t\t<\/div>\n\t\t\t\t<\/div>\n\t\t\t\t\t<\/div>\n\t\t\t\t<\/div>\n\t\t<div class=\"elementor-element elementor-element-da61344 e-flex e-con-boxed e-con e-parent\" data-id=\"da61344\" data-element_type=\"container\">\n\t\t\t\t\t<div class=\"e-con-inner\">\n\t\t<div class=\"elementor-element elementor-element-718afa9 e-con-full e-flex e-con e-child\" data-id=\"718afa9\" data-element_type=\"container\">\n\t\t\t\t<div class=\"elementor-element elementor-element-0e9342f elementor-widget elementor-widget-text-editor\" data-id=\"0e9342f\" data-element_type=\"widget\" data-widget_type=\"text-editor.default\">\n\t\t\t\t<div class=\"elementor-widget-container\">\n\t\t\t\t\t\t\t\t\t<p>S &amp; A rent a car is a newly opened firm based in Ilid\u017ea, Ul. Hrasni\u010dka road 48. At the beginning of operations, we have defined our goal. Our goal is to the very top and our development strategy will be particularly realistic, successful and optimal. We will try to offer a favorable relationship quality services we provide and the prices for what we offer. We\u2019re going to step with and in the next time we will procured new and quality vehicles from top manufacturers.<\/p>\t\t\t\t\t\t\t\t<\/div>\n\t\t\t\t<\/div>\n\t\t\t\t<div class=\"elementor-element elementor-element-086327c elementor-widget elementor-widget-text-editor\" data-id=\"086327c\" data-element_type=\"widget\" data-widget_type=\"text-editor.default\">\n\t\t\t\t<div class=\"elementor-widget-container\">\n\t\t\t\t\t\t\t\t\t<p class=\"o_nama\">Our vehicles represent technological perfection, and resist new trends, design, prestige, power, all in one place. Purchase of new vehicles in the future will be a priority of our company to provide quality services and greater security of our clients.<\/p>\t\t\t\t\t\t\t\t<\/div>\n\t\t\t\t<\/div>\n\t\t\t\t<div class=\"elementor-element elementor-element-b21680a elementor-widget elementor-widget-image\" data-id=\"b21680a\" data-element_type=\"widget\" data-widget_type=\"image.default\">\n\t\t\t\t<div class=\"elementor-widget-container\">\n\t\t\t\t\t\t\t\t\t\t\t\t\t\t\t<img fetchpriority=\"high\" decoding=\"async\" width=\"354\" height=\"168\" src=\"https:\/\/sia-rentacar.ba\/wp-content\/uploads\/2025\/10\/sia-logo.jpg\" class=\"attachment-large size-large wp-image-2502\" alt=\"\" srcset=\"https:\/\/sia-rentacar.ba\/wp-content\/uploads\/2025\/10\/sia-logo.jpg 354w, https:\/\/sia-rentacar.ba\/wp-content\/uploads\/2025\/10\/sia-logo-300x142.jpg 300w\" sizes=\"(max-width: 354px) 100vw, 354px\" \/>\t\t\t\t\t\t\t\t\t\t\t\t\t\t\t<\/div>\n\t\t\t\t<\/div>\n\t\t\t\t<\/div>\n\t\t<div class=\"elementor-element elementor-element-52eb59f e-con-full e-flex e-con e-child\" data-id=\"52eb59f\" data-element_type=\"container\">\n\t\t<div class=\"elementor-element elementor-element-ef0c913 e-con-full e-flex e-con e-child\" data-id=\"ef0c913\" data-element_type=\"container\">\n\t\t\t\t<div class=\"elementor-element elementor-element-26bf364 elementor-widget elementor-widget-image\" data-id=\"26bf364\" data-element_type=\"widget\" data-widget_type=\"image.default\">\n\t\t\t\t<div class=\"elementor-widget-container\">\n\t\t\t\t\t\t\t\t\t\t\t\t\t\t\t<img decoding=\"async\" width=\"870\" height=\"580\" src=\"https:\/\/sia-rentacar.ba\/wp-content\/uploads\/2025\/10\/IMG-f612af09c292b267ec6be822ffeb1c15-V-870x580-1.jpg\" class=\"attachment-large size-large wp-image-2509\" alt=\"\" srcset=\"https:\/\/sia-rentacar.ba\/wp-content\/uploads\/2025\/10\/IMG-f612af09c292b267ec6be822ffeb1c15-V-870x580-1.jpg 870w, https:\/\/sia-rentacar.ba\/wp-content\/uploads\/2025\/10\/IMG-f612af09c292b267ec6be822ffeb1c15-V-870x580-1-300x200.jpg 300w, https:\/\/sia-rentacar.ba\/wp-content\/uploads\/2025\/10\/IMG-f612af09c292b267ec6be822ffeb1c15-V-870x580-1-768x512.jpg 768w\" sizes=\"(max-width: 870px) 100vw, 870px\" \/>\t\t\t\t\t\t\t\t\t\t\t\t\t\t\t<\/div>\n\t\t\t\t<\/div>\n\t\t<div class=\"elementor-element elementor-element-eacdcfc e-grid e-con-full e-con e-child\" data-id=\"eacdcfc\" data-element_type=\"container\">\n\t\t\t\t<div class=\"elementor-element elementor-element-99ed1af elementor-widget elementor-widget-image\" data-id=\"99ed1af\" data-element_type=\"widget\" data-widget_type=\"image.default\">\n\t\t\t\t<div class=\"elementor-widget-container\">\n\t\t\t\t\t\t\t\t\t\t\t\t\t\t\t<img decoding=\"async\" width=\"870\" height=\"580\" src=\"https:\/\/sia-rentacar.ba\/wp-content\/uploads\/2025\/10\/IMG-bb973759b96122a6802a5db18044457d-V-870x580-1.jpg\" class=\"attachment-large size-large wp-image-2510\" alt=\"\" srcset=\"https:\/\/sia-rentacar.ba\/wp-content\/uploads\/2025\/10\/IMG-bb973759b96122a6802a5db18044457d-V-870x580-1.jpg 870w, https:\/\/sia-rentacar.ba\/wp-content\/uploads\/2025\/10\/IMG-bb973759b96122a6802a5db18044457d-V-870x580-1-300x200.jpg 300w, https:\/\/sia-rentacar.ba\/wp-content\/uploads\/2025\/10\/IMG-bb973759b96122a6802a5db18044457d-V-870x580-1-768x512.jpg 768w\" sizes=\"(max-width: 870px) 100vw, 870px\" \/>\t\t\t\t\t\t\t\t\t\t\t\t\t\t\t<\/div>\n\t\t\t\t<\/div>\n\t\t\t\t<div class=\"elementor-element elementor-element-655dd81 elementor-widget elementor-widget-image\" data-id=\"655dd81\" data-element_type=\"widget\" data-widget_type=\"image.default\">\n\t\t\t\t<div class=\"elementor-widget-container\">\n\t\t\t\t\t\t\t\t\t\t\t\t\t\t\t<img loading=\"lazy\" decoding=\"async\" width=\"870\" height=\"580\" src=\"https:\/\/sia-rentacar.ba\/wp-content\/uploads\/2025\/10\/IMG-35b6e50e8acf28841dff33ed3c419b6e-V-870x580-1.jpg\" class=\"attachment-large size-large wp-image-2511\" alt=\"\" srcset=\"https:\/\/sia-rentacar.ba\/wp-content\/uploads\/2025\/10\/IMG-35b6e50e8acf28841dff33ed3c419b6e-V-870x580-1.jpg 870w, https:\/\/sia-rentacar.ba\/wp-content\/uploads\/2025\/10\/IMG-35b6e50e8acf28841dff33ed3c419b6e-V-870x580-1-300x200.jpg 300w, https:\/\/sia-rentacar.ba\/wp-content\/uploads\/2025\/10\/IMG-35b6e50e8acf28841dff33ed3c419b6e-V-870x580-1-768x512.jpg 768w\" sizes=\"(max-width: 870px) 100vw, 870px\" \/>\t\t\t\t\t\t\t\t\t\t\t\t\t\t\t<\/div>\n\t\t\t\t<\/div>\n\t\t\t\t<\/div>\n\t\t\t\t<\/div>\n\t\t\t\t<\/div>\n\t\t\t\t\t<\/div>\n\t\t\t\t<\/div>\n\t\t\t\t<\/div>","protected":false},"excerpt":{"rendered":"<p>O Nama S&amp;A rent a car je novootvorena firma sa sjedi\u0161tem na Ilid\u017ei, Ul. Hrasni\u010dka cesta 48. Na samom po\u010detku [&hellip;]<\/p>","protected":false},"author":1,"featured_media":0,"parent":0,"menu_order":0,"comment_status":"closed","ping_status":"closed","template":"","meta":{"site-sidebar-layout":"no-sidebar","site-content-layout":"page-builder","ast-site-content-layout":"full-width-container","site-content-style":"unboxed","site-sidebar-style":"unboxed","ast-global-header-display":"","ast-banner-title-visibility":"","ast-main-header-display":"","ast-hfb-above-header-display":"","ast-hfb-below-header-display":"","ast-hfb-mobile-header-display":"","site-post-title":"disabled","ast-breadcrumbs-content":"","ast-featured-img":"disabled","footer-sml-layout":"","theme-transparent-header-meta":"enabled","adv-header-id-meta":"","stick-header-meta":"","header-above-stick-meta":"","header-main-stick-meta":"","header-below-stick-meta":"","astra-migrate-meta-layouts":"set","ast-page-background-enabled":"default","ast-page-background-meta":{"desktop":{"background-color":"","background-image":"","background-repeat":"repeat","background-position":"center center","background-size":"auto","background-attachment":"scroll","background-type":"","background-media":"","overlay-type":"","overlay-color":"","overlay-opacity":"","overlay-gradient":""},"tablet":{"background-color":"","background-image":"","background-repeat":"repeat","background-position":"center center","background-size":"auto","background-attachment":"scroll","background-type":"","background-media":"","overlay-type":"","overlay-color":"","overlay-opacity":"","overlay-gradient":""},"mobile":{"background-color":"","background-image":"","background-repeat":"repeat","background-position":"center center","background-size":"auto","background-attachment":"scroll","background-type":"","background-media":"","overlay-type":"","overlay-color":"","overlay-opacity":"","overlay-gradient":""}},"ast-content-background-meta":{"desktop":{"background-color":"var(--ast-global-color-5)","background-image":"","background-repeat":"repeat","background-position":"center center","background-size":"auto","background-attachment":"scroll","background-type":"","background-media":"","overlay-type":"","overlay-color":"","overlay-opacity":"","overlay-gradient":""},"tablet":{"background-color":"var(--ast-global-color-5)","background-image":"","background-repeat":"repeat","background-position":"center center","background-size":"auto","background-attachment":"scroll","background-type":"","background-media":"","overlay-type":"","overlay-color":"","overlay-opacity":"","overlay-gradient":""},"mobile":{"background-color":"var(--ast-global-color-5)","background-image":"","background-repeat":"repeat","background-position":"center center","background-size":"auto","background-attachment":"scroll","background-type":"","background-media":"","overlay-type":"","overlay-color":"","overlay-opacity":"","overlay-gradient":""}},"footnotes":""},"class_list":["post-193","page","type-page","status-publish","hentry"],"_links":{"self":[{"href":"https:\/\/sia-rentacar.ba\/en\/wp-json\/wp\/v2\/pages\/193","targetHints":{"allow":["GET"]}}],"collection":[{"href":"https:\/\/sia-rentacar.ba\/en\/wp-json\/wp\/v2\/pages"}],"about":[{"href":"https:\/\/sia-rentacar.ba\/en\/wp-json\/wp\/v2\/types\/page"}],"author":[{"embeddable":true,"href":"https:\/\/sia-rentacar.ba\/en\/wp-json\/wp\/v2\/users\/1"}],"replies":[{"embeddable":true,"href":"https:\/\/sia-rentacar.ba\/en\/wp-json\/wp\/v2\/comments?post=193"}],"version-history":[{"count":10,"href":"https:\/\/sia-rentacar.ba\/en\/wp-json\/wp\/v2\/pages\/193\/revisions"}],"predecessor-version":[{"id":2522,"href":"https:\/\/sia-rentacar.ba\/en\/wp-json\/wp\/v2\/pages\/193\/revisions\/2522"}],"wp:attachment":[{"href":"https:\/\/sia-rentacar.ba\/en\/wp-json\/wp\/v2\/media?parent=193"}],"curies":[{"name":"wp","href":"https:\/\/api.w.org\/{rel}","templated":true}]}}